{"id":9,"date":"2022-07-09T14:36:54","date_gmt":"2022-07-09T14:36:54","guid":{"rendered":"https:\/\/authorwebservices-temp1.net\/WestBowPress\/775455\/?page_id=9"},"modified":"2022-09-12T06:54:06","modified_gmt":"2022-09-12T06:54:06","slug":"about-the-book","status":"publish","type":"page","link":"https:\/\/www.delilahpc.com\/es\/about-the-book\/","title":{"rendered":"INFORMACI\u00d3N SOBRE EL LIBRO"},"content":{"rendered":"<p>Dalila estuvo a punto de perderlo todo, su vida, casa, matrimonio y futuro. Ella se encontraba desesperada, sin direcci\u00f3n, en otro fracaso matrimonial y pasar\u00eda a ser madre soltera de nuevo con dos hijos. Quebrantada y abandonada, sin familia que le ayudara en los Estados Unidos ella no entend\u00eda por qu\u00e9 le estaba pasando todo esto si, seg\u00fan ella hab\u00eda hecho todo bien, en este su tercer matrimonio. Ella trat\u00f3 de arreglar su matrimonio, pero no pudo. Lo crey\u00f3 todo perdido y la depresi\u00f3n y el suicidio la estaban rodeando, hasta que ella escuch\u00f3 la voz de Dios.<\/p>\n<p style=\"text-align: left;\" class=\"translation-block\">En este libro Dalila nos comparte c\u00f3mo Dios restaur\u00f3 su vida. Comparte su historia abiertamente, sin verg\u00fcenza y con mucho valor. Relata en detalle el proceso por el que Dios la llev\u00f3 y narra sus conversaciones con Dios, las cuales sucedieron a trav\u00e9s de visiones, sue\u00f1os y la revelaci\u00f3n de cada uno de ellos. Ella nos comparte de como una persona puede estar viviendo el presente sin estar consciente de que el pasado es lo que est\u00e1 destruyendo su vida. Nos hace ver la necesidad de cambiar, aunque uno quiera creer que est\u00e1 bien. Ella se siente privilegiada de que Dios la haya escogido para ser una escritora biling\u00fce, en espa\u00f1ol e ingl\u00e9s. Ambos libros han sido simult\u00e1neamente escritos en los dos idiomas. Dalila da la Gloria a Dios por todos los siglos. Est\u00e1 incluida en este libro una gu\u00eda de estudio y tambi\u00e9n puedes conseguir m\u00e1s material en su p\u00e1gina web www.delilahpc.com<\/p>\n<p style=\"text-align: center;\"><a class=\"button\" href=\"https:\/\/www.delilahpc.com\/es\/excerpt\/\" target=\"_blank\" rel=\"noopener\">Leer un extracto<\/a> <a class=\"button\" href=\"https:\/\/www.delilahpc.com\/es\/buy-the-book\/\" target=\"_blank\" rel=\"noopener\">\u00a1Ordene una copia ahora!<\/a><\/p>\n<p>&nbsp;<br \/>\n<script><\/script><\/p>","protected":false},"excerpt":{"rendered":"<p>Delilah was about to lose everything: her life, her home, her marriage, and her future. She was desperate and without direction because she was going through one more marriage failure and would become a single mother again with two sons. She was broken and abandoned, with no family to help her in the United States. &hellip; <\/p>\n<div class=\"more-link-wrapper\"><a href=\"https:\/\/www.delilahpc.com\/es\/about-the-book\/\" class=\"more-link\">Continue reading<span class=\"screen-reader-text\"> &#8220;ABOUT THE BOOK&#8221;<\/span><\/a><\/div>","protected":false},"author":1,"featured_media":0,"parent":0,"menu_order":0,"comment_status":"closed","ping_status":"closed","template":"template-full.php","meta":{"footnotes":""},"class_list":["post-9","page","type-page","status-publish"],"aioseo_notices":[],"_links":{"self":[{"href":"https:\/\/www.delilahpc.com\/es\/wp-json\/wp\/v2\/pages\/9","targetHints":{"allow":["GET"]}}],"collection":[{"href":"https:\/\/www.delilahpc.com\/es\/wp-json\/wp\/v2\/pages"}],"about":[{"href":"https:\/\/www.delilahpc.com\/es\/wp-json\/wp\/v2\/types\/page"}],"author":[{"embeddable":true,"href":"https:\/\/www.delilahpc.com\/es\/wp-json\/wp\/v2\/users\/1"}],"replies":[{"embeddable":true,"href":"https:\/\/www.delilahpc.com\/es\/wp-json\/wp\/v2\/comments?post=9"}],"version-history":[{"count":25,"href":"https:\/\/www.delilahpc.com\/es\/wp-json\/wp\/v2\/pages\/9\/revisions"}],"predecessor-version":[{"id":143,"href":"https:\/\/www.delilahpc.com\/es\/wp-json\/wp\/v2\/pages\/9\/revisions\/143"}],"wp:attachment":[{"href":"https:\/\/www.delilahpc.com\/es\/wp-json\/wp\/v2\/media?parent=9"}],"curies":[{"name":"wp","href":"https:\/\/api.w.org\/{rel}","templated":true}]}}