{"id":8,"date":"2022-07-09T14:36:41","date_gmt":"2022-07-09T14:36:41","guid":{"rendered":"https:\/\/authorwebservices-temp1.net\/WestBowPress\/775455\/?page_id=8"},"modified":"2022-07-09T14:58:09","modified_gmt":"2022-07-09T14:58:09","slug":"about-the-author","status":"publish","type":"page","link":"https:\/\/www.delilahpc.com\/es\/about-the-author\/","title":{"rendered":"CONOCE AL AUTOR"},"content":{"rendered":"<p><img loading=\"lazy\" decoding=\"async\" class=\"wp-image-38 aligncenter\" src=\"https:\/\/www.delilahpc.com\/wp-content\/uploads\/2022\/07\/ABOUT-THE-AUTHOR-copy.png\" alt=\"\" width=\"395\" height=\"527\" srcset=\"https:\/\/www.delilahpc.com\/wp-content\/uploads\/2022\/07\/ABOUT-THE-AUTHOR-copy.png 444w, https:\/\/www.delilahpc.com\/wp-content\/uploads\/2022\/07\/ABOUT-THE-AUTHOR-copy-225x300.png 225w\" sizes=\"auto, (max-width: 395px) 100vw, 395px\" \/><\/p>\n<p class=\"translation-block\"><img class=\"wp-image-38 aligncenter\" src=\"https:\/\/www.delilahpc.com\/wp-content\/uploads\/2022\/07\/ABOUT-THE-AUTHOR-copy.png\" alt=\"\" width=\"395\" height=\"527\" \/>\nDelilah P.I.O.-Dalila tiene su carrera como T\u00e9cnica en Ciencias de Servicios Humanos del Colegio Columbia de Misuri de Estados Unidos de Am\u00e9rica. Ella fue misionera por m\u00e1s de 22 a\u00f1os en M\u00e9xico. Dalila ha vivido en varios pa\u00edses como M\u00e9xico, Europa, Belice y Estados Unidos. En la actualidad vive en el Sur de California.<\/p>","protected":false},"excerpt":{"rendered":"<p class=\"translation-block\"><img class=\"wp-image-38 aligncenter\" src=\"https:\/\/www.delilahpc.com\/wp-content\/uploads\/2022\/07\/ABOUT-THE-AUTHOR-copy.png\" alt=\"\" width=\"395\" height=\"527\" \/>\nDelilah P.I.O.-Dalila tiene su carrera como T\u00e9cnica en Ciencias de Servicios Humanos del Colegio Columbia de Misuri de Estados Unidos de Am\u00e9rica. Ella fue misionera por m\u00e1s de 22 a\u00f1os en M\u00e9xico. Dalila ha vivido en varios pa\u00edses como M\u00e9xico, Europa, Belice y Estados Unidos. En la actualidad vive en el Sur de California.<\/p>","protected":false},"author":1,"featured_media":0,"parent":0,"menu_order":0,"comment_status":"closed","ping_status":"closed","template":"","meta":{"footnotes":""},"class_list":["post-8","page","type-page","status-publish"],"aioseo_notices":[],"_links":{"self":[{"href":"https:\/\/www.delilahpc.com\/es\/wp-json\/wp\/v2\/pages\/8","targetHints":{"allow":["GET"]}}],"collection":[{"href":"https:\/\/www.delilahpc.com\/es\/wp-json\/wp\/v2\/pages"}],"about":[{"href":"https:\/\/www.delilahpc.com\/es\/wp-json\/wp\/v2\/types\/page"}],"author":[{"embeddable":true,"href":"https:\/\/www.delilahpc.com\/es\/wp-json\/wp\/v2\/users\/1"}],"replies":[{"embeddable":true,"href":"https:\/\/www.delilahpc.com\/es\/wp-json\/wp\/v2\/comments?post=8"}],"version-history":[{"count":4,"href":"https:\/\/www.delilahpc.com\/es\/wp-json\/wp\/v2\/pages\/8\/revisions"}],"predecessor-version":[{"id":41,"href":"https:\/\/www.delilahpc.com\/es\/wp-json\/wp\/v2\/pages\/8\/revisions\/41"}],"wp:attachment":[{"href":"https:\/\/www.delilahpc.com\/es\/wp-json\/wp\/v2\/media?parent=8"}],"curies":[{"name":"wp","href":"https:\/\/api.w.org\/{rel}","templated":true}]}}